{"id":2798,"date":"2017-04-07T19:37:16","date_gmt":"2017-04-07T19:37:16","guid":{"rendered":"http:\/\/zumbalaturba.com.ar\/?page_id=2798"},"modified":"2024-09-27T11:03:24","modified_gmt":"2024-09-27T14:03:24","slug":"quienes-somos","status":"publish","type":"page","link":"https:\/\/zumbalaturba.com.ar\/?page_id=2798","title":{"rendered":"\u00bfQui\u00e9nes somos?"},"content":{"rendered":"\t\t<div data-elementor-type=\"wp-page\" data-elementor-id=\"2798\" class=\"elementor elementor-2798\">\n\t\t\t\t\t\t<section class=\"elementor-section elementor-top-section elementor-element elementor-element-92fbc10 elementor-section-boxed elementor-section-height-default elementor-section-height-default\" data-id=\"92fbc10\" data-element_type=\"section\" data-e-type=\"section\">\n\t\t\t\t\t\t<div class=\"elementor-container elementor-column-gap-default\">\n\t\t\t\t\t<div class=\"elementor-column elementor-col-100 elementor-top-column elementor-element elementor-element-3e73f5f\" data-id=\"3e73f5f\" data-element_type=\"column\" data-e-type=\"column\">\n\t\t\t<div class=\"elementor-widget-wrap elementor-element-populated\">\n\t\t\t\t\t\t<div class=\"elementor-element elementor-element-0d10387 elementor-widget elementor-widget-spacer\" data-id=\"0d10387\" data-element_type=\"widget\" data-e-type=\"widget\" data-widget_type=\"spacer.default\">\n\t\t\t\t<div class=\"elementor-widget-container\">\n\t\t\t\t\t\t\t<div class=\"elementor-spacer\">\n\t\t\t<div class=\"elementor-spacer-inner\"><\/div>\n\t\t<\/div>\n\t\t\t\t\t\t<\/div>\n\t\t\t\t<\/div>\n\t\t\t\t<div class=\"elementor-element elementor-element-c4e1283 elementor-widget elementor-widget-heading\" data-id=\"c4e1283\" data-element_type=\"widget\" data-e-type=\"widget\" data-widget_type=\"heading.default\">\n\t\t\t\t<div class=\"elementor-widget-container\">\n\t\t\t\t\t<h2 class=\"elementor-heading-title elementor-size-default\">\u00bfQui\u00e9nes somos?<\/h2>\t\t\t\t<\/div>\n\t\t\t\t<\/div>\n\t\t\t\t\t<\/div>\n\t\t<\/div>\n\t\t\t\t\t<\/div>\n\t\t<\/section>\n\t\t\t\t<section class=\"elementor-section elementor-top-section elementor-element elementor-element-39f47b8 elementor-section-boxed elementor-section-height-default elementor-section-height-default\" data-id=\"39f47b8\" data-element_type=\"section\" data-e-type=\"section\">\n\t\t\t\t\t\t<div class=\"elementor-container elementor-column-gap-default\">\n\t\t\t\t\t<div class=\"elementor-column elementor-col-100 elementor-top-column elementor-element elementor-element-341b7dd6\" data-id=\"341b7dd6\" data-element_type=\"column\" data-e-type=\"column\">\n\t\t\t<div class=\"elementor-widget-wrap elementor-element-populated\">\n\t\t\t\t\t\t<div class=\"elementor-element elementor-element-77bcfecd elementor-widget elementor-widget-text-editor\" data-id=\"77bcfecd\" data-element_type=\"widget\" data-e-type=\"widget\" data-widget_type=\"text-editor.default\">\n\t\t\t\t<div class=\"elementor-widget-container\">\n\t\t\t\t\t\t\t\t\t<p><b>Radio Zumba la Turba <\/b><span style=\"font-weight: 400;\">es un proyecto comunicacional colectivo y autogestivo, que surgi\u00f3 en 2010 impulsado por el colectivo Indymedia C\u00f3rdoba, al calor de los talleres de \u201carmado de transmisores radiales\u201d de la Red Nacional de Medios Alternativos.<\/span><\/p><p><i><span style=\"font-weight: 400;\">Hacemos comunicaci\u00f3n libre, comunitaria y rebelde.<\/span><\/i><\/p><p><b><i>Libre<\/i><\/b><span style=\"font-weight: 400;\"> porque no respondemos ni dependemos de los intereses econ\u00f3micos y pol\u00edticos de los gobiernos de turno, de los partidos pol\u00edticos, de los poderes especulativos\u00a0 financieros, inmobiliarios o empresariales. No recibimos dinero de nadie que nos diga lo que tenemos que hacer o lo que tenemos que decir. Armamos nuestra propia agenda comunicacional priorizando los temas que nos atraviesan y que atraviesan a nuestra comunidad, desde una perspectiva cr\u00edtica y combativa<\/span><\/p><p><b><i>Comunitaria<\/i><\/b><span style=\"font-weight: 400;\">, porque de forma horizontal ponemos a disposici\u00f3n la circulaci\u00f3n de saberes y aprendizajes. A la construcci\u00f3n de sentido y de discursos la hacemos desde abajo, construyendo redes con las luchas sociales y amplificando la pluralidad de voces.<\/span><\/p><p><b><i>Rebelde<\/i><\/b><span style=\"font-weight: 400;\"> porque construimos d\u00eda a d\u00eda otra forma de comunicaci\u00f3n, haciendo circular discursos disruptivos y contestatarios que saltan el cerco medi\u00e1tico y buscan visibilizar las pr\u00e1cticas criminales de los estados nacionales, que son las patas fundamentales del sistema capitalista y patriarcal. Rebelde tambi\u00e9n porque no esperamos que los recursos nos sean dados para alzar la voz y para comprometernos con la realidad que nos atraviesa.\u00a0<\/span><\/p><p><b><i>Elegimos hacer comunicaci\u00f3n comunitaria<\/i><\/b><span style=\"font-weight: 400;\"> desde una perspectiva anticapitalista, antipatriarcal y anticolonial, queremos romper la estructura dominante que maneja la informaci\u00f3n a favor de unos pocos. Elegimos hacer un llamado a m\u00faltiples voces que son invisibilizadas y foco de los discursos m\u00e1s odiantes de la sociedad, replicados en los medios comerciales y en la palabra de lxs pol\u00edticxs de turno.\u00a0<\/span><\/p><p><span style=\"font-weight: 400;\">Estas definiciones se concretan en la manera en que habitamos cotidianamente la radio, como construimos y sostenemos el medio, en la forma en que elegimos qu\u00e9 y c\u00f3mo comunicar, y en el apa\u00f1e compa\u00f1ero a espacios en lucha como el Espacio Cultura San Mart\u00edn, del cual formamos parte en la actualidad.<\/span><\/p><p><span style=\"font-weight: 400;\">Entendemos que comunicar es una acci\u00f3n pol\u00edtica y por ello asumimos la responsabilidad y el compromiso como medio comunitario. Proponemos compartir las herramientas que hemos aprendido en este camino para que diversos colectivos, organizaciones, luchas y personas tomen los medios y se convoquen con la misma responsabilidad y compromiso para amplificar sus voces.<\/span><\/p><p><span style=\"font-weight: 400;\">Sabemos que la comunicaci\u00f3n es una herramienta clave de transformaci\u00f3n social, por eso accionamos desde el apoyo mutuo, reivindicando y participando en las luchas sociales y territoriales. Queremos rebatir los discursos de odio, meritocr\u00e1ticos, machistas, fascistas, extractivistas, sionistas, y al servicio del capital, proponiendo nuevos discursos y formas de <\/span><i><span style=\"font-weight: 400;\">hacer los medios<\/span><\/i><span style=\"font-weight: 400;\"> que interpelen, que desnaturalicen, que inviten a la reflexi\u00f3n y a la acci\u00f3n porque creemos y estamos convencides que otras formas m\u00e1s sensibles y emp\u00e1ticas de comunicar, habitar y construir nuestra vida, son posibles.<\/span><\/p><p><style>\/*! elementor - v3.16.0 - 17-10-2023 *\/<br \/>.elementor-column .elementor-spacer-inner{height:var(--spacer-size)}.e-con{--container-widget-width:100%}.e-con-inner>.elementor-widget-spacer,.e-con>.elementor-widget-spacer{width:var(--container-widget-width,var(--spacer-size));--align-self:var(--container-widget-align-self,initial);--flex-shrink:0}.e-con-inner>.elementor-widget-spacer>.elementor-widget-container,.e-con>.elementor-widget-spacer>.elementor-widget-container{height:100%;width:100%}.e-con-inner>.elementor-widget-spacer>.elementor-widget-container>.elementor-spacer,.e-con>.elementor-widget-spacer>.elementor-widget-container>.elementor-spacer{height:100%}.e-con-inner>.elementor-widget-spacer>.elementor-widget-container>.elementor-spacer>.elementor-spacer-inner,.e-con>.elementor-widget-spacer>.elementor-widget-container>.elementor-spacer>.elementor-spacer-inner{height:var(--container-widget-height,var(--spacer-size))}.e-con-inner>.elementor-widget-spacer.elementor-widget-empty,.e-con>.elementor-widget-spacer.elementor-widget-empty{position:relative;min-height:22px;min-width:22px}.e-con-inner>.elementor-widget-spacer.elementor-widget-empty .elementor-widget-empty-icon,.e-con>.elementor-widget-spacer.elementor-widget-empty .elementor-widget-empty-icon{position:absolute;top:0;bottom:0;left:0;right:0;margin:auto;padding:0;width:22px;height:22px}<\/style> <style>\/*! elementor - v3.16.0 - 17-10-2023 *\/<br \/>.elementor-widget-image{text-align:center}.elementor-widget-image a{display:inline-block}.elementor-widget-image a img[src$=\".svg\"]{width:48px}.elementor-widget-image img{vertical-align:middle;display:inline-block}<\/style><\/p><p><img fetchpriority=\"high\" decoding=\"async\" src=\"https:\/\/zumbalaturba.com.ar\/wp-content\/uploads\/2023\/11\/15-1024x620.jpg\" sizes=\"(max-width: 800px) 100vw, 800px\" srcset=\"https:\/\/zumbalaturba.com.ar\/wp-content\/uploads\/2023\/11\/15-1024x620.jpg 1024w, https:\/\/zumbalaturba.com.ar\/wp-content\/uploads\/2023\/11\/15-300x182.jpg 300w, https:\/\/zumbalaturba.com.ar\/wp-content\/uploads\/2023\/11\/15-768x465.jpg 768w, https:\/\/zumbalaturba.com.ar\/wp-content\/uploads\/2023\/11\/15-1536x930.jpg 1536w, https:\/\/zumbalaturba.com.ar\/wp-content\/uploads\/2023\/11\/15-2048x1240.jpg 2048w\" alt=\"\" width=\"800\" height=\"484\" \/><\/p><h2><b>Formas de participar<\/b><\/h2><p><b>* <\/b><em>Acercando una propuesta de programa radial, por medio del <a href=\"https:\/\/zumbalaturba.com.ar\/?p=216\">siguiente formulario<\/a><\/em><\/p><p><em>* Colaboradorxs:<\/em><b>\u00a0<\/b>Compa\u00f1erxs que producen contenidos comunicacionales (en diferentes formatos) y que no forman parte de la asamblea o programas de la radio, pero que tienen inter\u00e9s en difundir esas producciones por nuestra p\u00e1gina web. Algunxs protagonizan, impulsan, participan o eventualmente presencian actividades militantes, luchas, eventos culturales, etc. Otrxs cumplen tareas de comunicaci\u00f3n en sus organizaciones. A esxs compa\u00f1erxs les proponemos otro modo de integrarse al espacio, como <b><i>colaboradorxs<\/i><\/b>. Si ten\u00e9s inter\u00e9s en sumarte, escribinos a <a href=\"mailto:radiozumba@gmail.com\">radiozumbalaturba@gmail.com<\/a> con el asunto \u201ccolaboradorxs\u201d.<\/p><p><em>* Equipo de gesti\u00f3n:<\/em> si ten\u00e9s inter\u00e9s en sumarte a nuestro equipo escribinos a <a href=\"mailto:radiozumba@gmail.com\">radiozumbalaturba@gmail.com<\/a> con el asunto &#8220;equipo de gesti\u00f3n&#8221;.<\/p>\t\t\t\t\t\t\t\t<\/div>\n\t\t\t\t<\/div>\n\t\t\t\t\t<\/div>\n\t\t<\/div>\n\t\t\t\t\t<\/div>\n\t\t<\/section>\n\t\t\t\t<section class=\"elementor-section elementor-top-section elementor-element elementor-element-aa6222a elementor-section-boxed elementor-section-height-default elementor-section-height-default\" data-id=\"aa6222a\" data-element_type=\"section\" data-e-type=\"section\">\n\t\t\t\t\t\t<div class=\"elementor-container elementor-column-gap-default\">\n\t\t\t\t\t<div class=\"elementor-column elementor-col-100 elementor-top-column elementor-element elementor-element-2c114c0\" data-id=\"2c114c0\" data-element_type=\"column\" data-e-type=\"column\">\n\t\t\t<div class=\"elementor-widget-wrap elementor-element-populated\">\n\t\t\t\t\t\t<div class=\"elementor-element elementor-element-f8da1bb elementor-widget elementor-widget-text-editor\" data-id=\"f8da1bb\" data-element_type=\"widget\" data-e-type=\"widget\" data-widget_type=\"text-editor.default\">\n\t\t\t\t<div class=\"elementor-widget-container\">\n\t\t\t\t\t\t\t\t\t<p>Mas ande otro criollo pasa Mart\u00edn Fierro ha de pasar, Nada la hace recular Ni las fantasmas lo espantan; Y dende que todos cantan Yo tambi\u00e9n quiero cantar.<\/p>\t\t\t\t\t\t\t\t<\/div>\n\t\t\t\t<\/div>\n\t\t\t\t\t<\/div>\n\t\t<\/div>\n\t\t\t\t\t<\/div>\n\t\t<\/section>\n\t\t\t\t<\/div>\n\t\t<div class='share-to-whatsapp-wrapper'><div class='share-on-whsp'>Share on: <\/div><div class='clear '><\/div><\/div>","protected":false},"excerpt":{"rendered":"<p>\u00bfQui\u00e9nes somos? Radio Zumba la Turba es un proyecto comunicacional colectivo y autogestivo, que surgi\u00f3 en 2010 impulsado por el colectivo Indymedia C\u00f3rdoba, al calor de los talleres de \u201carmado de transmisores radiales\u201d de la Red Nacional de Medios Alternativos. Hacemos comunicaci\u00f3n libre, comunitaria y rebelde. Libre porque no respondemos ni dependemos de los intereses [&hellip;]<\/p>\n","protected":false},"author":7,"featured_media":0,"parent":0,"menu_order":0,"comment_status":"closed","ping_status":"closed","template":"","meta":{"footnotes":""},"class_list":["post-2798","page","type-page","status-publish","hentry"],"_links":{"self":[{"href":"https:\/\/zumbalaturba.com.ar\/index.php?rest_route=\/wp\/v2\/pages\/2798","targetHints":{"allow":["GET"]}}],"collection":[{"href":"https:\/\/zumbalaturba.com.ar\/index.php?rest_route=\/wp\/v2\/pages"}],"about":[{"href":"https:\/\/zumbalaturba.com.ar\/index.php?rest_route=\/wp\/v2\/types\/page"}],"author":[{"embeddable":true,"href":"https:\/\/zumbalaturba.com.ar\/index.php?rest_route=\/wp\/v2\/users\/7"}],"replies":[{"embeddable":true,"href":"https:\/\/zumbalaturba.com.ar\/index.php?rest_route=%2Fwp%2Fv2%2Fcomments&post=2798"}],"version-history":[{"count":0,"href":"https:\/\/zumbalaturba.com.ar\/index.php?rest_route=\/wp\/v2\/pages\/2798\/revisions"}],"wp:attachment":[{"href":"https:\/\/zumbalaturba.com.ar\/index.php?rest_route=%2Fwp%2Fv2%2Fmedia&parent=2798"}],"curies":[{"name":"wp","href":"https:\/\/api.w.org\/{rel}","templated":true}]}}